{"id":137,"date":"2026-03-15T18:17:10","date_gmt":"2026-03-15T21:17:10","guid":{"rendered":"https:\/\/viasudestesinalizacao.com.br\/?page_id=137"},"modified":"2026-03-18T12:08:51","modified_gmt":"2026-03-18T15:08:51","slug":"tour-virtual","status":"publish","type":"page","link":"https:\/\/viasudestesinalizacao.com.br\/index.php\/tour-virtual\/","title":{"rendered":"Tour Virtual"},"content":{"rendered":"\t\t<div data-elementor-type=\"wp-page\" data-elementor-id=\"137\" class=\"elementor elementor-137\" data-elementor-post-type=\"page\">\n\t\t\t\t<div class=\"elementor-element elementor-element-4b1e727 e-flex e-con-boxed e-con e-parent\" data-id=\"4b1e727\" data-element_type=\"container\" data-e-type=\"container\">\n\t\t\t\t\t<div class=\"e-con-inner\">\n\t\t\t\t<div class=\"elementor-element elementor-element-66075ee elementor-widget elementor-widget-heading\" data-id=\"66075ee\" data-element_type=\"widget\" data-e-type=\"widget\" data-widget_type=\"heading.default\">\n\t\t\t\t\t<h2 class=\"elementor-heading-title elementor-size-default\">Fa\u00e7a um Tour Virtual e Conhe\u00e7a a Via Sudeste!<\/h2>\t\t\t\t<\/div>\n\t\t\t\t<div class=\"elementor-element elementor-element-c5c6303 elementor-widget elementor-widget-text-editor\" data-id=\"c5c6303\" data-element_type=\"widget\" data-e-type=\"widget\" data-widget_type=\"text-editor.default\">\n\t\t\t\t\t\t\t\t\t<p>Conhe\u00e7a de perto a estrutura da <strong data-start=\"32\" data-end=\"59\">Via Sudeste Sinaliza\u00e7\u00e3o<\/strong> por meio do nosso <strong data-start=\"78\" data-end=\"105\">tour virtual interativo<\/strong>. Nesta experi\u00eancia, voc\u00ea pode explorar nossas instala\u00e7\u00f5es e visualizar onde s\u00e3o desenvolvidas nossas solu\u00e7\u00f5es em <strong data-start=\"219\" data-end=\"316\">sinaliza\u00e7\u00e3o vi\u00e1ria, placas de tr\u00e2nsito e produtos met\u00e1licos para rodovias e mobilidade urbana<\/strong>. O tour permite que concession\u00e1rias de rodovias, empresas de manuten\u00e7\u00e3o vi\u00e1ria e prefeituras conhe\u00e7am nossa capacidade produtiva, organiza\u00e7\u00e3o e qualidade dos processos, refor\u00e7ando a confian\u00e7a em nossa empresa para o fornecimento de <strong data-start=\"549\" data-end=\"619\">equipamentos e estruturas para sinaliza\u00e7\u00e3o e infraestrutura vi\u00e1ria<\/strong>.<\/p>\t\t\t\t\t\t\t\t<\/div>\n\t\t\t\t<div class=\"elementor-element elementor-element-55b0142 elementor-widget elementor-widget-ggpkg\" data-id=\"55b0142\" data-element_type=\"widget\" data-e-type=\"widget\" data-widget_type=\"ggpkg.default\">\n\t\t\t\t<div class=\"elementor-widget-container\">\n\t\t\t\t\t<div class=\"ggpkg-elementor-widget\" style=\"width:100%;\"><div id='ggpkg_container_0_137' style='width:100%; height:100%; position: relative;'>\nLoading...\n<\/div>\n<script type='text\/javascript' src='https:\/\/viasudestesinalizacao.com.br\/wp-content\/uploads\/2026\/03\/viasudeste01\/pano2vr_player.js'><\/script>\n<script type='text\/javascript' src='https:\/\/viasudestesinalizacao.com.br\/wp-content\/uploads\/2026\/03\/viasudeste01\/skin.js'><\/script>\n<script type='text\/javascript'>\nwindow.addEventListener('load',function() {\nif  (typeof viasudeste01_pano2vrPlayer != 'undefined') {\n\tpano_0_137=new viasudeste01_pano2vrPlayer('ggpkg_container_0_137');\n} else {\n\tpano_0_137=new pano2vrPlayer('ggpkg_container_0_137');\n}\nif  (typeof viasudeste01_pano2vrSkin != 'undefined') {\n\tskin_0_137=new viasudeste01_pano2vrSkin(pano_0_137, 'https:\/\/viasudestesinalizacao.com.br\/wp-content\/uploads\/2026\/03\/viasudeste01\/');\n} else {\n\tskin_0_137=new pano2vrSkin(pano_0_137, 'https:\/\/viasudestesinalizacao.com.br\/wp-content\/uploads\/2026\/03\/viasudeste01\/');\n}\npano_0_137.readConfigUrlAsync('https:\/\/viasudestesinalizacao.com.br\/wp-content\/uploads\/2026\/03\/viasudeste01\/pano.xml');\nvar contentOverflow = document.getElementById('content') ? document.getElementById('content').style.overflow : '';\npano_0_137.addListener('fullscreenenter', function() {\n\tif (document.getElementById('content')) {\n\t\tdocument.getElementById('content').style.overflow = 'visible';\n\t}\n});\npano_0_137.addListener('fullscreenexit', function() {\n\tif (document.getElementById('content')) {\n\t\tdocument.getElementById('content').style.overflow = contentOverflow;\n\t}\n});\n\n});\n<\/script>\n<\/div>\t\t\t\t<\/div>\n\t\t\t\t<\/div>\n\t\t\t\t\t<\/div>\n\t\t\t\t<\/div>\n\t\t\t\t<\/div>\n\t\t","protected":false},"excerpt":{"rendered":"<p>Fa\u00e7a um Tour Virtual e Conhe\u00e7a a Via Sudeste! Conhe\u00e7a de perto a estrutura da Via Sudeste Sinaliza\u00e7\u00e3o por meio do nosso tour virtual interativo. Nesta experi\u00eancia, voc\u00ea pode explorar nossas instala\u00e7\u00f5es e visualizar onde s\u00e3o desenvolvidas nossas solu\u00e7\u00f5es em sinaliza\u00e7\u00e3o vi\u00e1ria, placas de tr\u00e2nsito e produtos met\u00e1licos para rodovias e mobilidade urbana. O tour [&hellip;]<\/p>\n","protected":false},"author":1,"featured_media":0,"parent":0,"menu_order":0,"comment_status":"closed","ping_status":"closed","template":"elementor_header_footer","meta":{"om_disable_all_campaigns":false,"_monsterinsights_skip_tracking":false,"_monsterinsights_sitenote_active":false,"_monsterinsights_sitenote_note":"","_monsterinsights_sitenote_category":0,"footnotes":""},"class_list":["post-137","page","type-page","status-publish","hentry"],"aioseo_notices":[],"_links":{"self":[{"href":"https:\/\/viasudestesinalizacao.com.br\/index.php\/wp-json\/wp\/v2\/pages\/137","targetHints":{"allow":["GET"]}}],"collection":[{"href":"https:\/\/viasudestesinalizacao.com.br\/index.php\/wp-json\/wp\/v2\/pages"}],"about":[{"href":"https:\/\/viasudestesinalizacao.com.br\/index.php\/wp-json\/wp\/v2\/types\/page"}],"author":[{"embeddable":true,"href":"https:\/\/viasudestesinalizacao.com.br\/index.php\/wp-json\/wp\/v2\/users\/1"}],"replies":[{"embeddable":true,"href":"https:\/\/viasudestesinalizacao.com.br\/index.php\/wp-json\/wp\/v2\/comments?post=137"}],"version-history":[{"count":7,"href":"https:\/\/viasudestesinalizacao.com.br\/index.php\/wp-json\/wp\/v2\/pages\/137\/revisions"}],"predecessor-version":[{"id":203,"href":"https:\/\/viasudestesinalizacao.com.br\/index.php\/wp-json\/wp\/v2\/pages\/137\/revisions\/203"}],"wp:attachment":[{"href":"https:\/\/viasudestesinalizacao.com.br\/index.php\/wp-json\/wp\/v2\/media?parent=137"}],"curies":[{"name":"wp","href":"https:\/\/api.w.org\/{rel}","templated":true}]}}